{"id":2022,"date":"2022-09-09T12:57:59","date_gmt":"2022-09-09T12:57:59","guid":{"rendered":"https:\/\/3dcoat.com\/documentation\/?page_id=2022"},"modified":"2025-06-16T10:24:04","modified_gmt":"2025-06-16T10:24:04","slug":"faq","status":"publish","type":"page","link":"https:\/\/3dcoat.com\/documentation\/faq\/","title":{"rendered":"Questions\/Answers"},"content":{"rendered":"\n<h3 class=\"wp-block-heading\" id=\"dcoat_does_not_start\"><a href=\"https:\/\/3dcoat.com\/dokuwiki\/doku.php?id=faq#dcoat_does_not_start\"><\/a><\/h3>\n\n\n\n<p><strong>What are some possible reasons why 3DCoat does not start?<\/strong><\/p>\n\n\n\n<hr class=\"wp-block-separator has-alpha-channel-opacity is-style-wide\"\/>\n\n\n\n<p>1) Video drivers not installed. Ensure you installed video drivers.<br \/>2) GoogleDrive\/SkyDrive\/OneDrive attached to the entire Documents folder.<br \/>3) Not enough rights to access Documents. Try to run as Administrator.<br \/>4) There is a conflict with Antivirus. Try to disable it.<br \/>5) You changed something related to Tablet drivers recently. Try to revert.<br \/>6) Data corrupted in the Documents folder due to crash\/bluescreen. Try to delete files &#8220;This PC -&gt; Documents\/3DCoat\/UserPrefs\/Preferences\/Options***xml&#8221;<br \/>7) If (6) does not help, rename the entire folder &#8220;This PC &amp;gt Documents\/3DCoat\/&#8221; to any other name. All your old files will be there, so it will be your backup. &#8220;3DCoat&#8221; will create a new folder &#8220;3DCoat&#8221;.<br \/>8) Possibly you have problems with HDD integrity. It is worth running a disk scan for errors. Possibly you rebooted hard and the file system has errors.<\/p>\n\n\n\n<p>NOTE: Repeating the startup message &#8220;Fatal Error \/ Out of memory&#8221; could be caused by corrupted data. Do step (7) above. Then manually copy your assets from the old user folder into the new one. Note which file causes the problem. It could be some texture with a damaged header.<\/p>\n\n\n\n<p><strong>What if 3DCoat crashes?<\/strong><\/p>\n\n\n\n<hr class=\"wp-block-separator has-alpha-channel-opacity is-style-wide\"\/>\n\n\n\n<p>If 3DCoat crashes, in most cases the request to send the automated bug report will appear. It contains information that helps us to understand what happened prior to the crash. It does not contain the textures or the scene itself. The whole text of the report is listed in the browser&#8217;s window, you may review it if need. It is very important to send an automated bug report if it appears. It helps greatly to improve stability. If you do so, a similar crash will be fixed in one of the next builds. It is a good idea to tell about the circumstances of the crash, but it is not mandatory.<\/p>\n\n\n\n<p><strong>What if I can&#8217;t open my scene?<\/strong><\/p>\n\n\n\n<hr class=\"wp-block-separator has-alpha-channel-opacity is-style-wide\"\/>\n\n\n\n<p>It may happen if the PC is rebooted during the save. 3DCoat saves scenes instantly, but the process of saving takes some time even after it looks like it is finished, and may take up to 10-30 seconds, even though you may continue to work with 3DCoat. So an immediate reboot may destroy the scene. Another reason is that there may be some errors on the hard drive. Please check your disk and avoid hard reboots. We recommend autosaving (look preferences) every 5-10 min to avoid data loss.<\/p>\n\n\n\n<p><strong>&#8211; I want to upgrade my video card to speed up 3DCoat. What should I choose? nVidia or AMD cards are better?<\/strong><\/p>\n\n\n\n<hr class=\"wp-block-separator has-alpha-channel-opacity is-style-wide\"\/>\n\n\n\n<p>There is no reason to use multiple GPU cards at least for 3DCoat. Video RAM is important because it determines the maximum texture size that can be edited in 3DCoat. Every pixel requires 8 bytes, so you can easily calculate the max size of texture that can fit in memory. We recommend you buy cards with 4&nbsp;GB&nbsp;of RAM or more.<\/p>\n\n\n\n<hr class=\"wp-block-separator has-alpha-channel-opacity\"\/>\n\n\n\n<p>The Windows release is for 64-bit Windows. 32-bit windows is no longer supported.<\/p>\n\n\n\n<p><strong>&#8211; Sometimes painting becomes slow. How to avoid it?<\/strong><\/p>\n\n\n\n<hr class=\"wp-block-separator has-alpha-channel-opacity is-style-wide\"\/>\n\n\n\n<p>Painting over fewer big faces will be much slower than over divided faces. Try to avoid too big faces in UVspace. Divide faces that are too big whenever possible.<\/p>\n\n\n\n<p><strong>&#8211; Do I need to uninstall 3DCoat every time when I am installing a new upgrade?<\/strong><\/p>\n\n\n\n<hr class=\"wp-block-separator has-alpha-channel-opacity is-style-wide\"\/>\n\n\n\n<p>No, you can install updates, and overwrite the installation, until the major version number changes.<\/p>\n\n\n\n<p><strong>&#8211; I am unable to register &#8211; every time I enter the serial number and press Register, 3DCoat restarts and asks for the serial number again. How do I exit the loop?<\/strong><\/p>\n\n\n\n<hr class=\"wp-block-separator has-alpha-channel-opacity is-style-wide\"\/>\n\n\n\n<p>Try the following steps:<\/p>\n\n\n\n<ol class=\"wp-block-list\">\n<li>check if you copied the serial number correctly, perhaps you selected extra characters or missed some.<\/li>\n\n\n\n<li>if you are on Win10 ensure that you are running 3DCoat as administrator.<\/li>\n\n\n\n<li>if the problem persists after trying these tips try manually deleting the file License.dat from the 3DCoat installation folder.<\/li>\n<\/ol>\n\n\n\n<p><strong>&#8211; There are too many \u201chints\u201d that get in my way. Is there a way to hide them?<\/strong><\/p>\n\n\n\n<hr class=\"wp-block-separator has-alpha-channel-opacity is-style-wide\"\/>\n\n\n\n<p>If you are new to 3DCoat, it is recommended that you leave the hints enabled. The \u201chint\u201d system is very helpful in learning how features work. Once you are familiar with the program, you can hide the \u201chints\u201d anytime you want &#8211; just go to the menu Edit\u2192Preferences\u2192Show hints and uncheck the checkbox. You can turn on or off the big bottom hints separately using the \u201cShow big hints on the bottom panel\u201d.<\/p>\n\n\n\n<p><strong>&#8211; I am using Windows 64bit and 3DCoat does not respect my Wacom pen pressure. What should I do?<\/strong><\/p>\n\n\n\n<hr class=\"wp-block-separator has-alpha-channel-opacity is-style-wide\"\/>\n\n\n\n<p>3DCoat works well with 64-bit drivers 6.08-4 from this page:&nbsp;<a href=\"http:\/\/www.wacom.com\/downloads\/drivers.php\">http:\/\/www.wacom.com\/downloads\/drivers.php<\/a><\/p>\n\n\n\n<p><strong>&#8211; Can I move\/rotate\/scale the objects but not the camera?<\/strong><\/p>\n\n\n\n<hr class=\"wp-block-separator has-alpha-channel-opacity is-style-wide\"\/>\n\n\n\n<p>Yes, you can. In \u201cSculpt mode\u201d of the tools panel, select \u201cSelect\/Move\u201d command, here you can select the object you want to move\/rotate\/scale.<\/p>\n\n\n\n<p><strong>&#8211; How to adjust the pivot point?<\/strong><\/p>\n\n\n\n<hr class=\"wp-block-separator has-alpha-channel-opacity is-style-wide\"\/>\n\n\n\n<p>In 3DCoat, the pivot center is dynamic, current pick point (where your cursor pointed on the model) is the pivot by default. You can set the pivot manually using&nbsp;the F&nbsp;key. Also, look at the Camera menu to pick the best pivot mode.<\/p>\n\n\n\n<p><strong>&#8211; What\u2019s the normal maps standards difference between 3ds Max and Maya?<\/strong><\/p>\n\n\n\n<hr class=\"wp-block-separator has-alpha-channel-opacity is-style-wide\"\/>\n\n\n\n<p>The green channel is reversed. You can select normal maps standards in the menu View\u2192Options.<\/p>\n\n\n\n<p><strong>&#8211; Version 2021+: When DX and When GL?<\/strong><\/p>\n\n\n\n<hr class=\"wp-block-separator has-alpha-channel-opacity is-style-wide\"\/>\n\n\n\n<p>Starting from the 3DCoat 2021 only GL Graphics Mode is supported. <\/p>\n\n\n\n<p><strong>&#8211; Version 2022 has only one Graphic Mode: GL (OpenGL).<\/strong><\/p>\n\n\n\n<hr class=\"wp-block-separator has-alpha-channel-opacity is-style-wide\"\/>\n\n\n\n<p>Now use OpenGL acceleration, you may notice in the Geometry Menu Cuda support is no longer an available option it has been discontinued primarily because it has required the use of an Nvidia card.<br \/>Exclusively openGL on the other hand is graphic card agnostic: you can use both AMD or Nvidia cards in order to take advantage of this new GPU acceleration.<\/p>\n\n\n\n<p><strong>&#8211; What\u2019s the difference between \u201cDepth\u201d and \u201cSculpt mode\u201d?<\/strong><\/p>\n\n\n\n<hr class=\"wp-block-separator has-alpha-channel-opacity is-style-wide\"\/>\n\n\n\n<p>In 3DCoat there are two types of sculpting. One is image-based sculpting and another is mesh-based sculpting. \u201cDepth\u201d is image-based sculpting, in this mode you draw the depth, and you\u2019re actually creating vector displacement, the normal map and displacement are generated \u201con the fly\u201d, if you want to get the normal map, just save it, no need to wait a long time for baking, because the normal map is generated in realtime.<br \/>When you enter \u201cSculpt mode\u201d, you enter mesh-based sculpting. In this mode you sculpting, you\u2019re really changing the vertex positions of the mesh. In this mode, if you want to get a correct normal map, you may use Textures\u2192Texture Baking Tool.<\/p>\n\n\n\n<p><strong>&#8211; What\u2019s the usage of the Cavity painting?<\/strong><\/p>\n\n\n\n<hr class=\"wp-block-separator has-alpha-channel-opacity is-style-wide\"\/>\n\n\n\n<p>Cavity painting (dependent on the Cavity) allows you to paint in the crevices of the surface without affecting the rest of the area, and vice versa.<\/p>\n\n\n\n<p><strong>&#8211; Drawing with the shift key.<\/strong><\/p>\n\n\n\n<hr class=\"wp-block-separator has-alpha-channel-opacity is-style-wide\"\/>\n\n\n\n<p>Different orders of the SHIFT key and LMB (left mouse button) will result in different effects. If you first press (and hold) SHIFT and then draw with LMB, you will get the surface smoothed. But if you first press (and hold) LMB then press SHIFT and draw, you will get a very straight line just like the way in Photoshop.<\/p>\n\n\n\n<p><br \/><strong>&#8211; Create seamless textures using 3DCoat.<\/strong><\/p>\n\n\n\n<hr class=\"wp-block-separator has-alpha-channel-opacity is-style-wide\"\/>\n\n\n\n<p>It is easy now to use 3DCoat to create seamless textures and paint bumps. Just go to the menu File\u2192Import\u2192Image Plane, you may want to use the Textures\u2192Offset tool as well. You can read more about it on the page.<\/p>\n\n\n\n<h3 class=\"wp-block-heading\" id=\"other_improvements_and_functions\">Other Improvements and Functions<a href=\"https:\/\/3dcoat.com\/dokuwiki\/doku.php?id=faq#other_improvements_and_functions\"><\/a><\/h3>\n\n\n\n<hr class=\"wp-block-separator has-alpha-channel-opacity is-style-wide\"\/>\n\n\n\n<p>Free-form primitives and pose tools now support multi-selection and a new gizmo (if multiple elements are selected).<\/p>\n\n\n\n<p>All retopo tools will support real-time symmetry updating. If you change something on one side of the existing symmetry &#8211; it will be done on the other side. Turn off \u201cRetopo -Show mirrored\u201d to see clearly how it happens. It is very important if you want to update the existing mesh without breaking the UV set.<\/p>\n\n\n\n<p>PLY export\/import with vertex color. Good for color scanners and for exporting to xNormal. It is the fastest way to produce an xNormal-compatible mesh.<\/p>\n\n\n\n<p>OBJ files with vertex color are also compatible with xNormal.<\/p>\n\n\n\n<p>The Logo tool now functions like \u201cImport image as mesh\u201d from the \u201cFile\u201d menu. This new function allows both color and greyscale images to be used, first as a stencil or mask to project through producing an extruded polygonal mesh of a user-defined thickness and secondly to map a corresponding color image and a bump image on the top and bottom faces of the extruded mesh object.<\/p>\n\n\n\n<p>Now, when you import a model with texture for vertex painting\/color from the imported texture will be projected on the vertices of the imported mesh.<\/p>\n\n\n\n<p>The Pose tool works through all volumes with rooted child volumes. Previously only one root was selectable. The ability to select several control points in FreeForm mode. Now the user can move only the gizmo in free form multiple selection mode. Baking displacement has been greatly improved.<\/p>\n\n\n\n<p>The voxel measure tool has been given several new functions now it will measure the length of curves, lasso, and perimeter of the section.<\/p>\n\n\n\n<p>Color accuracy is maintained when shifting between regular Voxel and Surface modes.<\/p>\n\n\n\n<p>Cavity painting in voxels has been greatly improved. <\/p>\n\n\n\n<p>All boolean operations (even between volumes) will preserve vertex color. Resample will now preserve color in almost all cases. This is accomplished by re-projecting the color.<\/p>\n\n\n\n<p>FBX Import\/Export is supported with vertex color. Vertex weight map painting may be exported as a .lwo scene. Any layer may be used for this. You may choose between 0..1 or 1..1 mapping.<\/p>\n\n\n\n<p>The Photoshop connection supports the Direct Painting of voxels.<\/p>\n\n\n\n<p>Now both .obj and .lwo imported and exported models support vertex colors.<\/p>\n\n\n\n<p>Consistently sized symmetry plane.<\/p>\n\n\n\n<p>Exported .obj models are now compatible with Zbrush.<\/p>\n\n\n\n<p>Direct painting over surface models: Both diffuse color and glossiness intensity are supported. Just switch to the Paint Room and begin using color painting tools. This function is \u201con\u201d by default. <\/p>\n\n\n\n<p>If you need to use regular painting methods (Per-Pixel, Micro-Vertex, etc.) deselect \u201cView\/Show Voxels in paint room\u201d.<\/p>\n","protected":false},"excerpt":{"rendered":"<p><!-- wp:heading {\"level\":3} --><\/p>\n<h3 class=\"wp-block-heading\" id=\"dcoat_does_not_start\"><a href=\"https:\/\/3dcoat.com\/dokuwiki\/doku.php?id=faq#dcoat_does_not_start\"><\/a><\/h3>\n<p><!-- \/wp:heading --><\/p>\n<p><!-- wp:paragraph {\"placeholder\":\"Type \/ to choose a blo...\n<\/p>\n","protected":false},"author":2,"featured_media":0,"parent":0,"menu_order":6,"comment_status":"closed","ping_status":"closed","template":"","meta":{"footnotes":""},"categories":[],"tags":[],"class_list":["post-2022","page","type-page","status-publish","hentry"],"yoast_head":"<!-- This site is optimized with the Yoast SEO plugin v24.3 - https:\/\/yoast.com\/wordpress\/plugins\/seo\/ -->\n<title>Questions\/Answers - 3DCoat Documentation<\/title>\n<meta name=\"description\" content=\"Contains answers to basic questions that will help solve some possible problems. It also has tips on how to get the most out of 3DCoat\" \/>\n<meta name=\"robots\" content=\"index, follow, max-snippet:-1, max-image-preview:large, max-video-preview:-1\" \/>\n<link rel=\"canonical\" href=\"https:\/\/3dcoat.com\/documentation\/faq\/\" \/>\n<meta property=\"og:locale\" content=\"en_US\" \/>\n<meta property=\"og:type\" content=\"article\" \/>\n<meta property=\"og:title\" content=\"Questions\/Answers - 3DCoat Documentation\" \/>\n<meta property=\"og:description\" content=\"Contains answers to basic questions that will help solve some possible problems. It also has tips on how to get the most out of 3DCoat\" \/>\n<meta property=\"og:url\" content=\"https:\/\/3dcoat.com\/documentation\/faq\/\" \/>\n<meta property=\"og:site_name\" content=\"3DCoat Documentation\" \/>\n<meta property=\"article:publisher\" content=\"https:\/\/www.facebook.com\/3DCoat\" \/>\n<meta property=\"article:modified_time\" content=\"2025-06-16T10:24:04+00:00\" \/>\n<meta name=\"twitter:card\" content=\"summary_large_image\" \/>\n<meta name=\"twitter:site\" content=\"@3DCoatOfficial\" \/>\n<meta name=\"twitter:label1\" content=\"Est. reading time\" \/>\n\t<meta name=\"twitter:data1\" content=\"8 minutes\" \/>\n<script type=\"application\/ld+json\" class=\"yoast-schema-graph\">{\"@context\":\"https:\/\/schema.org\",\"@graph\":[{\"@type\":\"WebPage\",\"@id\":\"https:\/\/3dcoat.com\/documentation\/sk_SK\/faq\/\",\"url\":\"https:\/\/3dcoat.com\/documentation\/sk_SK\/faq\/\",\"name\":\"Questions\/Answers - 3DCoat Documentation\",\"isPartOf\":{\"@id\":\"https:\/\/3dcoat.com\/documentation\/#website\"},\"datePublished\":\"2022-09-09T12:57:59+00:00\",\"dateModified\":\"2025-06-16T10:24:04+00:00\",\"description\":\"Obsahuje odpovede na z\u00e1kladn\u00e9 ot\u00e1zky, ktor\u00e9 pom\u00f4\u017eu vyrie\u0161i\u0165 niektor\u00e9 mo\u017en\u00e9 probl\u00e9my. Obsahuje aj tipy, ako z 3DCoat vy\u0165a\u017ei\u0165 maximum\",\"breadcrumb\":{\"@id\":\"https:\/\/3dcoat.com\/documentation\/sk_SK\/faq\/#breadcrumb\"},\"inLanguage\":\"en-US\",\"potentialAction\":[{\"@type\":\"ReadAction\",\"target\":[\"https:\/\/3dcoat.com\/documentation\/sk_SK\/faq\/\"]}]},{\"@type\":\"BreadcrumbList\",\"@id\":\"https:\/\/3dcoat.com\/documentation\/sk_SK\/faq\/#breadcrumb\",\"itemListElement\":[{\"@type\":\"ListItem\",\"position\":1,\"name\":\"Home\",\"item\":\"https:\/\/3dcoat.com\/documentation\/nl_NL\/\"},{\"@type\":\"ListItem\",\"position\":2,\"name\":\"Ot\u00e1zky\/Odpovede\"}]},{\"@type\":\"WebSite\",\"@id\":\"https:\/\/3dcoat.com\/documentation\/#website\",\"url\":\"https:\/\/3dcoat.com\/documentation\/\",\"name\":\"3DCoat Documentation\",\"description\":\"Information about starting to use and learning how to use all the features of the 3DCoat.\",\"publisher\":{\"@id\":\"https:\/\/3dcoat.com\/documentation\/#organization\"},\"potentialAction\":[{\"@type\":\"SearchAction\",\"target\":{\"@type\":\"EntryPoint\",\"urlTemplate\":\"https:\/\/3dcoat.com\/documentation\/?s={search_term_string}\"},\"query-input\":{\"@type\":\"PropertyValueSpecification\",\"valueRequired\":true,\"valueName\":\"search_term_string\"}}],\"inLanguage\":\"en-US\"},{\"@type\":\"Organization\",\"@id\":\"https:\/\/3dcoat.com\/documentation\/#organization\",\"name\":\"Pilgway\",\"url\":\"https:\/\/3dcoat.com\/documentation\/\",\"logo\":{\"@type\":\"ImageObject\",\"inLanguage\":\"en-US\",\"@id\":\"https:\/\/3dcoat.com\/documentation\/#\/schema\/logo\/image\/\",\"url\":\"https:\/\/3dcoat.com\/documentation\/wp-content\/uploads\/2022\/09\/logo3DCoatWhite-1.png\",\"contentUrl\":\"https:\/\/3dcoat.com\/documentation\/wp-content\/uploads\/2022\/09\/logo3DCoatWhite-1.png\",\"width\":876,\"height\":190,\"caption\":\"Pilgway\"},\"image\":{\"@id\":\"https:\/\/3dcoat.com\/documentation\/#\/schema\/logo\/image\/\"},\"sameAs\":[\"https:\/\/www.facebook.com\/3DCoat\",\"https:\/\/x.com\/3DCoatOfficial\",\"https:\/\/www.youtube.com\/c\/PILGWAY3DCoat\"]}]}<\/script>\n<!-- \/ Yoast SEO plugin. -->","yoast_head_json":{"title":"Questions\/Answers - 3DCoat Documentation","description":"Contains answers to basic questions that will help solve some possible problems. It also has tips on how to get the most out of 3DCoat","robots":{"index":"index","follow":"follow","max-snippet":"max-snippet:-1","max-image-preview":"max-image-preview:large","max-video-preview":"max-video-preview:-1"},"canonical":"https:\/\/3dcoat.com\/documentation\/faq\/","og_locale":"en_US","og_type":"article","og_title":"Questions\/Answers - 3DCoat Documentation","og_description":"Contains answers to basic questions that will help solve some possible problems. It also has tips on how to get the most out of 3DCoat","og_url":"https:\/\/3dcoat.com\/documentation\/faq\/","og_site_name":"3DCoat Documentation","article_publisher":"https:\/\/www.facebook.com\/3DCoat","article_modified_time":"2025-06-16T10:24:04+00:00","twitter_card":"summary_large_image","twitter_site":"@3DCoatOfficial","twitter_misc":{"Est. reading time":"8 minutes"},"schema":{"@context":"https:\/\/schema.org","@graph":[{"@type":"WebPage","@id":"https:\/\/3dcoat.com\/documentation\/sk_SK\/faq\/","url":"https:\/\/3dcoat.com\/documentation\/sk_SK\/faq\/","name":"Questions\/Answers - 3DCoat Documentation","isPartOf":{"@id":"https:\/\/3dcoat.com\/documentation\/#website"},"datePublished":"2022-09-09T12:57:59+00:00","dateModified":"2025-06-16T10:24:04+00:00","description":"Obsahuje odpovede na z\u00e1kladn\u00e9 ot\u00e1zky, ktor\u00e9 pom\u00f4\u017eu vyrie\u0161i\u0165 niektor\u00e9 mo\u017en\u00e9 probl\u00e9my. Obsahuje aj tipy, ako z 3DCoat vy\u0165a\u017ei\u0165 maximum","breadcrumb":{"@id":"https:\/\/3dcoat.com\/documentation\/sk_SK\/faq\/#breadcrumb"},"inLanguage":"en-US","potentialAction":[{"@type":"ReadAction","target":["https:\/\/3dcoat.com\/documentation\/sk_SK\/faq\/"]}]},{"@type":"BreadcrumbList","@id":"https:\/\/3dcoat.com\/documentation\/sk_SK\/faq\/#breadcrumb","itemListElement":[{"@type":"ListItem","position":1,"name":"Home","item":"https:\/\/3dcoat.com\/documentation\/nl_NL\/"},{"@type":"ListItem","position":2,"name":"Ot\u00e1zky\/Odpovede"}]},{"@type":"WebSite","@id":"https:\/\/3dcoat.com\/documentation\/#website","url":"https:\/\/3dcoat.com\/documentation\/","name":"3DCoat Documentation","description":"Information about starting to use and learning how to use all the features of the 3DCoat.","publisher":{"@id":"https:\/\/3dcoat.com\/documentation\/#organization"},"potentialAction":[{"@type":"SearchAction","target":{"@type":"EntryPoint","urlTemplate":"https:\/\/3dcoat.com\/documentation\/?s={search_term_string}"},"query-input":{"@type":"PropertyValueSpecification","valueRequired":true,"valueName":"search_term_string"}}],"inLanguage":"en-US"},{"@type":"Organization","@id":"https:\/\/3dcoat.com\/documentation\/#organization","name":"Pilgway","url":"https:\/\/3dcoat.com\/documentation\/","logo":{"@type":"ImageObject","inLanguage":"en-US","@id":"https:\/\/3dcoat.com\/documentation\/#\/schema\/logo\/image\/","url":"https:\/\/3dcoat.com\/documentation\/wp-content\/uploads\/2022\/09\/logo3DCoatWhite-1.png","contentUrl":"https:\/\/3dcoat.com\/documentation\/wp-content\/uploads\/2022\/09\/logo3DCoatWhite-1.png","width":876,"height":190,"caption":"Pilgway"},"image":{"@id":"https:\/\/3dcoat.com\/documentation\/#\/schema\/logo\/image\/"},"sameAs":["https:\/\/www.facebook.com\/3DCoat","https:\/\/x.com\/3DCoatOfficial","https:\/\/www.youtube.com\/c\/PILGWAY3DCoat"]}]}},"_links":{"self":[{"href":"https:\/\/3dcoat.com\/documentation\/wp-json\/wp\/v2\/pages\/2022","targetHints":{"allow":["GET"]}}],"collection":[{"href":"https:\/\/3dcoat.com\/documentation\/wp-json\/wp\/v2\/pages"}],"about":[{"href":"https:\/\/3dcoat.com\/documentation\/wp-json\/wp\/v2\/types\/page"}],"author":[{"embeddable":true,"href":"https:\/\/3dcoat.com\/documentation\/wp-json\/wp\/v2\/users\/2"}],"replies":[{"embeddable":true,"href":"https:\/\/3dcoat.com\/documentation\/wp-json\/wp\/v2\/comments?post=2022"}],"version-history":[{"count":16,"href":"https:\/\/3dcoat.com\/documentation\/wp-json\/wp\/v2\/pages\/2022\/revisions"}],"predecessor-version":[{"id":12390,"href":"https:\/\/3dcoat.com\/documentation\/wp-json\/wp\/v2\/pages\/2022\/revisions\/12390"}],"wp:attachment":[{"href":"https:\/\/3dcoat.com\/documentation\/wp-json\/wp\/v2\/media?parent=2022"}],"wp:term":[{"taxonomy":"category","embeddable":true,"href":"https:\/\/3dcoat.com\/documentation\/wp-json\/wp\/v2\/categories?post=2022"},{"taxonomy":"post_tag","embeddable":true,"href":"https:\/\/3dcoat.com\/documentation\/wp-json\/wp\/v2\/tags?post=2022"}],"curies":[{"name":"wp","href":"https:\/\/api.w.org\/{rel}","templated":true}]}}